{"id":11,"date":"2026-03-20T20:17:11","date_gmt":"2026-03-20T20:17:11","guid":{"rendered":"http:\/\/192.168.0.11\/wordpress\/?page_id=11"},"modified":"2026-04-04T16:05:38","modified_gmt":"2026-04-04T16:05:38","slug":"lakasok","status":"publish","type":"page","link":"https:\/\/hegedus.myds.me\/?page_id=11","title":{"rendered":"Ingatlanok"},"content":{"rendered":"\n<p>Si\u00f3fok Szabadif\u00fcrd\u0151 egy csendes utc\u00e1j\u00e1ban ikerh\u00e1zak tervez\u00e9se-\u00e9p\u00edt\u00e9se kezd\u0151d\u00f6tt.<\/p>\n\n\n\n<p>A h\u00e1zak a szabadstrandt\u00f3l 2 perc s\u00e9t\u00e1nyira, a vas\u00fat\u00e1llom\u00e1st\u00f3l 10 perc gyalogl\u00e1sra tal\u00e1lhat\u00f3.<\/p>\n\n\n\n<figure class=\"wp-block-image aligncenter size-large\"><img loading=\"lazy\" decoding=\"async\" width=\"1024\" height=\"579\" src=\"http:\/\/192.168.0.11\/wp-content\/uploads\/2026\/04\/LATVANYTERVEK-1024x579.jpg\" alt=\"\" class=\"wp-image-92\" srcset=\"https:\/\/hegedus.myds.me\/wp-content\/uploads\/2026\/04\/LATVANYTERVEK-1024x579.jpg 1024w, https:\/\/hegedus.myds.me\/wp-content\/uploads\/2026\/04\/LATVANYTERVEK-300x170.jpg 300w, https:\/\/hegedus.myds.me\/wp-content\/uploads\/2026\/04\/LATVANYTERVEK-768x434.jpg 768w, https:\/\/hegedus.myds.me\/wp-content\/uploads\/2026\/04\/LATVANYTERVEK-1536x868.jpg 1536w, https:\/\/hegedus.myds.me\/wp-content\/uploads\/2026\/04\/LATVANYTERVEK-2048x1157.jpg 2048w\" sizes=\"auto, (max-width: 1024px) 100vw, 1024px\" \/><\/figure>\n\n\n\n<ul class=\"wp-block-list\">\n<li><a href=\"https:\/\/hegedus.myds.me\/?page_id=60\" data-type=\"page\" data-id=\"60\">HRSZ\/5<\/a><\/li>\n\n\n\n<li><a href=\"https:\/\/hegedus.myds.me\/?page_id=130\" data-type=\"page\" data-id=\"130\">HRSZ\/6<\/a><\/li>\n\n\n\n<li><a href=\"https:\/\/hegedus.myds.me\/?page_id=206\" data-type=\"page\" data-id=\"206\">HRSZ\/7<\/a><\/li>\n\n\n\n<li><a href=\"https:\/\/hegedus.myds.me\/?page_id=30\" data-type=\"page\" data-id=\"30\">HRSZ\/8<\/a><\/li>\n\n\n\n<li>HRSZ\/9<\/li>\n\n\n\n<li>HRSZ\/10<\/li>\n<\/ul>\n\n\n\n<figure class=\"wp-block-image size-large\"><img loading=\"lazy\" decoding=\"async\" width=\"1024\" height=\"768\" src=\"https:\/\/hegedus.myds.me\/wp-content\/uploads\/2026\/04\/viber_kep_2026-04-04_11-09-24-731-1024x768.jpg\" alt=\"\" class=\"wp-image-340\" srcset=\"https:\/\/hegedus.myds.me\/wp-content\/uploads\/2026\/04\/viber_kep_2026-04-04_11-09-24-731-1024x768.jpg 1024w, https:\/\/hegedus.myds.me\/wp-content\/uploads\/2026\/04\/viber_kep_2026-04-04_11-09-24-731-300x225.jpg 300w, https:\/\/hegedus.myds.me\/wp-content\/uploads\/2026\/04\/viber_kep_2026-04-04_11-09-24-731-768x576.jpg 768w, https:\/\/hegedus.myds.me\/wp-content\/uploads\/2026\/04\/viber_kep_2026-04-04_11-09-24-731-1536x1152.jpg 1536w, https:\/\/hegedus.myds.me\/wp-content\/uploads\/2026\/04\/viber_kep_2026-04-04_11-09-24-731.jpg 1600w\" sizes=\"auto, (max-width: 1024px) 100vw, 1024px\" \/><\/figure>\n","protected":false},"excerpt":{"rendered":"<p>Si\u00f3fok Szabadif\u00fcrd\u0151 egy csendes utc\u00e1j\u00e1ban ikerh\u00e1zak tervez\u00e9se-\u00e9p\u00edt\u00e9se kezd\u0151d\u00f6tt. A h\u00e1zak a szabadstrandt\u00f3l 2 perc s\u00e9t\u00e1nyira, a vas\u00fat\u00e1llom\u00e1st\u00f3l 10 perc gyalogl\u00e1sra tal\u00e1lhat\u00f3.<\/p>\n","protected":false},"author":1,"featured_media":0,"parent":0,"menu_order":0,"comment_status":"closed","ping_status":"closed","template":"","meta":{"footnotes":""},"class_list":["post-11","page","type-page","status-publish","hentry"],"_links":{"self":[{"href":"https:\/\/hegedus.myds.me\/index.php?rest_route=\/wp\/v2\/pages\/11","targetHints":{"allow":["GET"]}}],"collection":[{"href":"https:\/\/hegedus.myds.me\/index.php?rest_route=\/wp\/v2\/pages"}],"about":[{"href":"https:\/\/hegedus.myds.me\/index.php?rest_route=\/wp\/v2\/types\/page"}],"author":[{"embeddable":true,"href":"https:\/\/hegedus.myds.me\/index.php?rest_route=\/wp\/v2\/users\/1"}],"replies":[{"embeddable":true,"href":"https:\/\/hegedus.myds.me\/index.php?rest_route=%2Fwp%2Fv2%2Fcomments&post=11"}],"version-history":[{"count":5,"href":"https:\/\/hegedus.myds.me\/index.php?rest_route=\/wp\/v2\/pages\/11\/revisions"}],"predecessor-version":[{"id":341,"href":"https:\/\/hegedus.myds.me\/index.php?rest_route=\/wp\/v2\/pages\/11\/revisions\/341"}],"wp:attachment":[{"href":"https:\/\/hegedus.myds.me\/index.php?rest_route=%2Fwp%2Fv2%2Fmedia&parent=11"}],"curies":[{"name":"wp","href":"https:\/\/api.w.org\/{rel}","templated":true}]}}