{"id":12,"date":"2026-03-20T20:17:11","date_gmt":"2026-03-20T20:17:11","guid":{"rendered":"http:\/\/192.168.0.11\/wordpress\/?page_id=12"},"modified":"2026-04-04T16:01:02","modified_gmt":"2026-04-04T16:01:02","slug":"dokumentumok","status":"publish","type":"page","link":"https:\/\/hegedus.myds.me\/?page_id=12","title":{"rendered":"Dokumentumok"},"content":{"rendered":"\n<div class=\"wp-block-buttons is-layout-flex wp-block-buttons-is-layout-flex\">\n<div class=\"wp-block-button\"><a class=\"wp-block-button__link wp-element-button\" href=\"\/\" target=\"_blank\" rel=\"noreferrer noopener\">C\u00edm kiad\u00e1sa<\/a><\/div>\n<\/div>\n\n\n\n<div class=\"wp-block-group has-background has-global-padding is-layout-constrained wp-block-group-is-layout-constrained\" style=\"background:linear-gradient(8deg,#B1C5A4 0%,#F9F9F9 100%)\">\n<p>HRSZ: 3733\/5 h\u00e1z dokumentumai:<\/p>\n\n\n\n<p><a href=\"https:\/\/192.168.0.11\/wp-content\/uploads\/2026\/04\/5_Al\u00e1\u00edr\u00f3lap-tartalom-\u00e9s-tervjegyz\u00e9k.pdf\" target=\"_blank\" rel=\"noreferrer noopener\">Al\u00e1\u00edr\u00f3lap, tartalom- \u00e9s tervjegyz\u00e9k<\/a><\/p>\n\n\n\n<p><a rel=\"noreferrer noopener\" href=\"https:\/\/192.168.0.11\/wp-content\/uploads\/2026\/04\/5_Alapoz\u00e1s.pdf\" target=\"_blank\">Alapoz\u00e1s<\/a><\/p>\n\n\n\n<p><a rel=\"noreferrer noopener\" href=\"https:\/\/192.168.0.11\/wp-content\/uploads\/2026\/04\/5_Alapoz\u00e1s-r\u00e9szletek.pdf\" target=\"_blank\">Alapoz\u00e1s r\u00e9szletek<\/a><\/p>\n\n\n\n<p><a rel=\"noreferrer noopener\" href=\"https:\/\/192.168.0.11\/wp-content\/uploads\/2026\/04\/5_C\u00edmlap.pdf\" target=\"_blank\">C\u00edmlap<\/a><\/p>\n\n\n\n<p><a rel=\"noreferrer noopener\" href=\"https:\/\/192.168.0.11\/wp-content\/uploads\/2026\/04\/5_Emelet-feletti-f\u00f6d\u00e9m-a-vasal\u00e1s-als\u00f3-r\u00e9teg\u00e9nek-terve.pdf\" target=\"_blank\">Emelet feletti f\u00f6d\u00e9m a vasal\u00e1s als\u00f3 r\u00e9teg\u00e9nek terve<\/a><\/p>\n\n\n\n<p><a rel=\"noreferrer noopener\" href=\"https:\/\/192.168.0.11\/wp-content\/uploads\/2026\/04\/5_Emelet-feletti-f\u00f6d\u00e9m-a-vasal\u00e1s-fels\u0151-r\u00e9teg\u00e9nek-terve.pdf\" target=\"_blank\">Emelet feletti f\u00f6d\u00e9m a vasal\u00e1s fels\u0151 r\u00e9teg\u00e9nek terve<\/a><\/p>\n\n\n\n<p><a rel=\"noreferrer noopener\" href=\"https:\/\/192.168.0.11\/wp-content\/uploads\/2026\/04\/5_Emelet-feletti-f\u00f6d\u00e9m-r\u00e9szletek-terve.pdf\" target=\"_blank\">Emelet feletti f\u00f6d\u00e9m r\u00e9szletek terve<\/a><\/p>\n\n\n\n<p><a rel=\"noreferrer noopener\" href=\"https:\/\/192.168.0.11\/wp-content\/uploads\/2026\/04\/5_Emelet-feletti-f\u00f6d\u00e9m-zsaluz\u00e1si-terv.pdf\" target=\"_blank\">Emelet feletti f\u00f6d\u00e9m zsaluz\u00e1si terv<\/a><\/p>\n\n\n\n<p><a rel=\"noreferrer noopener\" href=\"https:\/\/192.168.0.11\/wp-content\/uploads\/2026\/04\/5_Emeleti-vasbeton-szerkezetek.pdf\" target=\"_blank\">Emeleti vasbeton szerkezetek<\/a><\/p>\n\n\n\n<p><a rel=\"noreferrer noopener\" href=\"https:\/\/192.168.0.11\/wp-content\/uploads\/2026\/04\/5_EP3733-5_AB.pdf\" target=\"_blank\">EP3733-8_AB<\/a><\/p>\n\n\n\n<p><a rel=\"noreferrer noopener\" href=\"https:\/\/192.168.0.11\/wp-content\/uploads\/2026\/04\/5_\u00c9p\u00edt\u00e9szeti-m\u0171szaki-le\u00edr\u00e1s.pdf\" target=\"_blank\">\u00c9p\u00edt\u00e9szeti m\u0171szaki le\u00edr\u00e1s<\/a><\/p>\n\n\n\n<p><a rel=\"noreferrer noopener\" href=\"https:\/\/192.168.0.11\/wp-content\/uploads\/2026\/04\/5_\u00c9p\u00fcletg\u00e9p\u00e9sz_M\u0171szaki_le\u00edr\u00e1s.pdf\" target=\"_blank\">\u00c9p\u00fcletg\u00e9p\u00e9sz M\u0171szaki le\u00edr\u00e1s<\/a><\/p>\n\n\n\n<p><a rel=\"noreferrer noopener\" href=\"https:\/\/192.168.0.11\/wp-content\/uploads\/2026\/04\/5_F\u00f6ldhivatali-t\u00e9rk\u00e9pm\u00e1solat.pdf\" target=\"_blank\">F\u00f6ldhivatali t\u00e9rk\u00e9pm\u00e1solat<\/a><\/p>\n\n\n\n<p><a rel=\"noreferrer noopener\" href=\"https:\/\/192.168.0.11\/wp-content\/uploads\/2026\/04\/5_F\u00f6ldszint-feletti-f\u00f6d\u00e9m-a-vasal\u00e1s-als\u00f3-r\u00e9teg\u00e9nek-terve.pdf\" target=\"_blank\">F\u00f6ldszint feletti f\u00f6d\u00e9m a vasal\u00e1s als\u00f3 r\u00e9teg\u00e9nek terve<\/a><\/p>\n\n\n\n<p><a rel=\"noreferrer noopener\" href=\"https:\/\/192.168.0.11\/wp-content\/uploads\/2026\/04\/5_F\u00f6ldszint-feletti-f\u00f6d\u00e9m-a-vasal\u00e1s-fels\u0151-r\u00e9teg\u00e9nek-terve.pdf\" target=\"_blank\">F\u00f6ldszint feletti f\u00f6d\u00e9m a vasal\u00e1s fels\u0151 r\u00e9teg\u00e9nek terve<\/a><\/p>\n\n\n\n<p><a rel=\"noreferrer noopener\" href=\"https:\/\/192.168.0.11\/wp-content\/uploads\/2026\/04\/5_F\u00f6ldszint-feletti-f\u00f6d\u00e9m-r\u00e9szletek-terve.pdf\" target=\"_blank\">F\u00f6ldszint feletti f\u00f6d\u00e9m r\u00e9szletek terve<\/a><\/p>\n\n\n\n<p><a rel=\"noreferrer noopener\" href=\"https:\/\/192.168.0.11\/wp-content\/uploads\/2026\/04\/5_F\u00f6ldszint-feletti-f\u00f6d\u00e9m-zsaluz\u00e1si-terv.pdf\" target=\"_blank\">F\u00f6ldszint feletti f\u00f6d\u00e9m zsaluz\u00e1si terv<\/a><\/p>\n\n\n\n<p><a rel=\"noreferrer noopener\" href=\"https:\/\/192.168.0.11\/wp-content\/uploads\/2026\/04\/5_F\u00f6ldszinti-vasbeton-szerkezetek.pdf\" target=\"_blank\">F\u00f6ldszinti vasbeton szerkezetek<\/a><\/p>\n\n\n\n<p><a rel=\"noreferrer noopener\" href=\"https:\/\/192.168.0.11\/wp-content\/uploads\/2026\/04\/5_GEOD\u00c9ZIA.pdf\" target=\"_blank\">GEOD\u00c9ZIA<\/a><\/p>\n\n\n\n<p><a rel=\"noreferrer noopener\" href=\"https:\/\/192.168.0.11\/wp-content\/uploads\/2026\/04\/5_Hirdetm\u00e9nyi-helysz\u00ednrajz.pdf\" target=\"_blank\">Hirdetm\u00e9nyi helysz\u00ednrajz<\/a><\/p>\n\n\n\n<p><a rel=\"noreferrer noopener\" href=\"https:\/\/192.168.0.11\/wp-content\/uploads\/2026\/04\/5_Hirdetm\u00e9nyi-l\u00e1tv\u00e1nyterv.pdf\" target=\"_blank\">Hirdetm\u00e9nyi l\u00e1tv\u00e1nyterv<\/a><\/p>\n\n\n\n<p><a rel=\"noreferrer noopener\" href=\"https:\/\/192.168.0.11\/wp-content\/uploads\/2026\/04\/5_Meghatalmaz\u00e1s.pdf\" target=\"_blank\">Meghatalmaz\u00e1s<\/a><\/p>\n\n\n\n<p><a rel=\"noreferrer noopener\" href=\"https:\/\/192.168.0.11\/wp-content\/uploads\/2026\/04\/5_M\u0171szaki-le\u00edr\u00e1s_engterv_ikerh\u00e1z.pdf\" target=\"_blank\">M\u0171szaki le\u00edr\u00e1s \/ Engterv. ikerh\u00e1z<\/a><\/p>\n\n\n\n<p><a rel=\"noreferrer noopener\" href=\"https:\/\/192.168.0.11\/wp-content\/uploads\/2026\/04\/5_Nyilatkozat-nem-saj\u00e1t-lakhat\u00e1si-c\u00e9lb\u00f3l-val\u00f3-\u00e9p\u00edtkez\u00e9sr\u0151l.pdf\" target=\"_blank\">Nyilatkozat nem saj\u00e1t lakhat\u00e1si c\u00e9lb\u00f3l val\u00f3 \u00e9p\u00edtkez\u00e9sr\u0151l<\/a><\/p>\n\n\n\n<p><a rel=\"noreferrer noopener\" href=\"https:\/\/192.168.0.11\/wp-content\/uploads\/2026\/04\/5_Szakmai-konzult\u00e1ci\u00f3.pdf\" target=\"_blank\">Szakmai konzult\u00e1ci\u00f3<\/a><\/p>\n\n\n\n<p><a rel=\"noreferrer noopener\" href=\"https:\/\/192.168.0.11\/wp-content\/uploads\/2026\/04\/5_Tart\u00f3szerkezeti-m\u0171szaki-le\u00edr\u00e1s.pdf\" target=\"_blank\">Tart\u00f3szerkezeti m\u0171szaki le\u00edr\u00e1s<\/a><\/p>\n\n\n\n<p><a rel=\"noreferrer noopener\" href=\"https:\/\/192.168.0.11\/wp-content\/uploads\/2026\/04\/5_Tart\u00f3szerkezeti-sz\u00e1m\u00edt\u00e1si-mell\u00e9klet.pdf\" target=\"_blank\">Tart\u00f3szerkezeti sz\u00e1m\u00edt\u00e1si mell\u00e9klet<\/a><\/p>\n\n\n\n<p><a rel=\"noreferrer noopener\" href=\"https:\/\/192.168.0.11\/wp-content\/uploads\/2026\/04\/5_TERVLAPOK.pdf\" target=\"_blank\">TERVLAPOK<\/a><\/p>\n\n\n\n<p><a rel=\"noreferrer noopener\" href=\"https:\/\/192.168.0.11\/wp-content\/uploads\/2026\/04\/5_Vasbeton-l\u00e9pcs\u0151k-terve.pdf\" target=\"_blank\">Vasbeton l\u00e9pcs\u0151k terve<\/a><\/p>\n<\/div>\n\n\n\n<div class=\"wp-block-group has-background has-global-padding is-layout-constrained wp-block-group-is-layout-constrained\" style=\"background:linear-gradient(0deg,#B1C5A4 0%,#F9F9F9 100%)\">\n<p>HRSZ: 3733\/6 h\u00e1z dokumentumai:<\/p>\n\n\n\n<p><a href=\"https:\/\/hegedus.myds.me\/wp-content\/uploads\/2026\/04\/6_alairolap-tartalom-es-tervjegyzek_alairt.pdf\" data-type=\"attachment\" data-id=\"157\" target=\"_blank\" rel=\"noreferrer noopener\">Al\u00e1\u00edr\u00f3lap, tartalom- \u00e9s tervjegyz\u00e9k<\/a><\/p>\n\n\n\n<p><a href=\"https:\/\/hegedus.myds.me\/wp-content\/uploads\/2026\/04\/6_Alapozas.pdf\" data-type=\"attachment\" data-id=\"159\" target=\"_blank\" rel=\"noreferrer noopener\">Alapoz\u00e1s<\/a><\/p>\n\n\n\n<p><a href=\"https:\/\/hegedus.myds.me\/wp-content\/uploads\/2026\/04\/6_Alapozas-reszletek.pdf\" data-type=\"attachment\" data-id=\"158\" target=\"_blank\" rel=\"noreferrer noopener\">Alapoz\u00e1s r\u00e9szletek<\/a><\/p>\n\n\n\n<p><a href=\"https:\/\/hegedus.myds.me\/wp-content\/uploads\/2026\/04\/6_cimlap.pdf\" data-type=\"attachment\" data-id=\"160\" target=\"_blank\" rel=\"noreferrer noopener\">C\u00edmlap<\/a><\/p>\n\n\n\n<p><a href=\"https:\/\/hegedus.myds.me\/wp-content\/uploads\/2026\/04\/6_Emelet-feletti-fodem-a-vasalas-also-retegenek-terve.pdf\" data-type=\"attachment\" data-id=\"161\" target=\"_blank\" rel=\"noreferrer noopener\">Emelet feletti f\u00f6d\u00e9m a vasal\u00e1s als\u00f3 r\u00e9teg\u00e9nek terve<\/a><\/p>\n\n\n\n<p><a href=\"https:\/\/hegedus.myds.me\/wp-content\/uploads\/2026\/04\/6_Emelet-feletti-fodem-a-vasalas-felso-retegenek-terve.pdf\" data-type=\"attachment\" data-id=\"162\" target=\"_blank\" rel=\"noreferrer noopener\">Emelet feletti f\u00f6d\u00e9m a vasal\u00e1s fels\u0151 r\u00e9teg\u00e9nek terve<\/a><\/p>\n\n\n\n<p><a href=\"https:\/\/hegedus.myds.me\/wp-content\/uploads\/2026\/04\/6_Emelet-feletti-fodem-reszletek-terve.pdf\" data-type=\"attachment\" data-id=\"163\" target=\"_blank\" rel=\"noreferrer noopener\">Emelet feletti f\u00f6d\u00e9m r\u00e9szletek terve<\/a><\/p>\n\n\n\n<p><a href=\"https:\/\/hegedus.myds.me\/wp-content\/uploads\/2026\/04\/6_Emelet-feletti-fodem-zsaluzasi-terv.pdf\" data-type=\"attachment\" data-id=\"164\" target=\"_blank\" rel=\"noreferrer noopener\">Emelet feletti f\u00f6d\u00e9m zsaluz\u00e1si terv<\/a><\/p>\n\n\n\n<p><a href=\"https:\/\/hegedus.myds.me\/wp-content\/uploads\/2026\/04\/6_Emeleti-vasbeton-szerkezetek.pdf\" data-type=\"attachment\" data-id=\"166\" target=\"_blank\" rel=\"noreferrer noopener\">Emeleti vasbeton szerkezetek<\/a><\/p>\n\n\n\n<p><a href=\"https:\/\/hegedus.myds.me\/wp-content\/uploads\/2026\/04\/6_EP3733-6_AB.pdf\" data-type=\"attachment\" data-id=\"168\" target=\"_blank\" rel=\"noreferrer noopener\">EP3733-6_AB<\/a><\/p>\n\n\n\n<p><a href=\"https:\/\/hegedus.myds.me\/wp-content\/uploads\/2026\/04\/6_epiteszeti-muszaki-leiras.pdf\" data-type=\"attachment\" data-id=\"169\" target=\"_blank\" rel=\"noreferrer noopener\">\u00c9p\u00edt\u00e9szeti m\u0171szaki le\u00edr\u00e1s<\/a><\/p>\n\n\n\n<p><a href=\"https:\/\/hegedus.myds.me\/wp-content\/uploads\/2026\/04\/6_Epuletgepesz_Muszaki_leiras_Siofok_Beszedes_Jozsef_setany_3733_6_Hrsz_MOD.pdf\" data-type=\"attachment\" data-id=\"170\" target=\"_blank\" rel=\"noreferrer noopener\">\u00c9p\u00fcletg\u00e9p\u00e9sz M\u0171szaki le\u00edr\u00e1s<\/a><\/p>\n\n\n\n<p><a href=\"https:\/\/hegedus.myds.me\/wp-content\/uploads\/2026\/04\/6_foldhivatali-terkepmasolat.pdf\" data-type=\"attachment\" data-id=\"171\" target=\"_blank\" rel=\"noreferrer noopener\">F\u00f6ldhivatali t\u00e9rk\u00e9pm\u00e1solat<\/a><\/p>\n\n\n\n<p><a href=\"https:\/\/hegedus.myds.me\/wp-content\/uploads\/2026\/04\/6_Foldszint-feletti-fodem-a-vasalas-also-retegenek-terve.pdf\" data-type=\"attachment\" data-id=\"172\" target=\"_blank\" rel=\"noreferrer noopener\">F\u00f6ldszint feletti f\u00f6d\u00e9m a vasal\u00e1s als\u00f3 r\u00e9teg\u00e9nek terve<\/a><\/p>\n\n\n\n<p><a href=\"https:\/\/hegedus.myds.me\/wp-content\/uploads\/2026\/04\/6_Foldszint-feletti-fodem-a-vasalas-also-retegenek-terve.pdf\" data-type=\"attachment\" data-id=\"172\" target=\"_blank\" rel=\"noreferrer noopener\">F\u00f6ldszint feletti f\u00f6d\u00e9m a vasal\u00e1s fels\u0151 r\u00e9teg\u00e9nek terve<\/a><\/p>\n\n\n\n<p><a href=\"https:\/\/hegedus.myds.me\/wp-content\/uploads\/2026\/04\/6_Foldszint-feletti-fodem-reszletek-terve.pdf\" data-type=\"attachment\" data-id=\"174\" target=\"_blank\" rel=\"noreferrer noopener\">F\u00f6ldszint feletti f\u00f6d\u00e9m r\u00e9szletek terve<\/a><\/p>\n\n\n\n<p><a href=\"https:\/\/hegedus.myds.me\/wp-content\/uploads\/2026\/04\/6_Foldszint-feletti-fodem-zsaluzasi-terv.pdf\" data-type=\"attachment\" data-id=\"175\" target=\"_blank\" rel=\"noreferrer noopener\">F\u00f6ldszint feletti f\u00f6d\u00e9m zsaluz\u00e1si terv<\/a><\/p>\n\n\n\n<p><a href=\"https:\/\/hegedus.myds.me\/wp-content\/uploads\/2026\/04\/6_Foldszinti-vasbeton-szerkezetek.pdf\" data-type=\"attachment\" data-id=\"134\" target=\"_blank\" rel=\"noreferrer noopener\">F\u00f6ldszinti vasbeton szerkezetek<\/a><\/p>\n\n\n\n<p><a href=\"https:\/\/hegedus.myds.me\/wp-content\/uploads\/2026\/04\/6_GEODEZIA.pdf\" data-type=\"attachment\" data-id=\"135\" target=\"_blank\" rel=\"noreferrer noopener\">Geod\u00e9zia<\/a><\/p>\n\n\n\n<p><a href=\"https:\/\/hegedus.myds.me\/wp-content\/uploads\/2026\/04\/6_hirdetmenyi-helyszinrajz.pdf\" data-type=\"attachment\" data-id=\"142\" target=\"_blank\" rel=\"noreferrer noopener\">Hirdetm\u00e9nyi helysz\u00ednrajz<\/a><\/p>\n\n\n\n<p><a href=\"https:\/\/hegedus.myds.me\/wp-content\/uploads\/2026\/04\/6_hirdetmenyi-latvanyterv.pdf\" data-type=\"attachment\" data-id=\"143\" target=\"_blank\" rel=\"noreferrer noopener\">Hirdetm\u00e9nyi l\u00e1tv\u00e1nyterv<\/a><\/p>\n\n\n\n<p><a href=\"https:\/\/hegedus.myds.me\/wp-content\/uploads\/2026\/04\/6_meghatalmazas_alairt.pdf\" data-type=\"attachment\" data-id=\"148\" target=\"_blank\" rel=\"noreferrer noopener\">Meghatalmaz\u00e1s<\/a><\/p>\n\n\n\n<p><a href=\"https:\/\/hegedus.myds.me\/wp-content\/uploads\/2026\/04\/6_Muszaki-leiras_engterv_ikerhaz_8600-Siofok-Beszedes-Jozsf-setany-hrsz-3733_06.pdf\" data-type=\"attachment\" data-id=\"149\" target=\"_blank\" rel=\"noreferrer noopener\">M\u0171szaki le\u00edr\u00e1s \/ Engterv. ikerh\u00e1z<\/a><\/p>\n\n\n\n<p><a href=\"https:\/\/hegedus.myds.me\/wp-content\/uploads\/2026\/04\/6_nyilatkozat-nem-sajat-lakhatasi-celbol-valo-epitkezesrol_alairt.pdf\" data-type=\"attachment\" data-id=\"150\" target=\"_blank\" rel=\"noreferrer noopener\">Nyilatkozat nem saj\u00e1t lakhat\u00e1si c\u00e9lb\u00f3l val\u00f3 \u00e9p\u00edtkez\u00e9sr\u0151l<\/a><\/p>\n\n\n\n<p><a href=\"https:\/\/hegedus.myds.me\/wp-content\/uploads\/2026\/04\/6_szakmai-konzultacio_06.pdf\" data-type=\"attachment\" data-id=\"151\" target=\"_blank\" rel=\"noreferrer noopener\">Szakmai konzult\u00e1ci\u00f3<\/a><\/p>\n\n\n\n<p><a href=\"https:\/\/hegedus.myds.me\/wp-content\/uploads\/2026\/04\/6_Tartoszerkezeti-muszaki-leiras_20240119.pdf\" data-type=\"attachment\" data-id=\"152\" target=\"_blank\" rel=\"noreferrer noopener\">Tart\u00f3szerkezeti m\u0171szaki le\u00edr\u00e1s<\/a><\/p>\n\n\n\n<p><a href=\"https:\/\/hegedus.myds.me\/wp-content\/uploads\/2026\/04\/6_Tartoszerkezeti-szamitasi-mellekletA.pdf\" data-type=\"attachment\" data-id=\"153\" target=\"_blank\" rel=\"noreferrer noopener\">Tart\u00f3szerkezeti sz\u00e1m\u00edt\u00e1si mell\u00e9klet<\/a><\/p>\n\n\n\n<p><a href=\"https:\/\/hegedus.myds.me\/wp-content\/uploads\/2026\/04\/6_TERVLAPOK.pdf\" data-type=\"attachment\" data-id=\"154\" target=\"_blank\" rel=\"noreferrer noopener\">Tervlapok<\/a><\/p>\n\n\n\n<p><a href=\"https:\/\/hegedus.myds.me\/wp-content\/uploads\/2026\/04\/6_Vasbeton-lepcsok-terve.pdf\" data-type=\"attachment\" data-id=\"155\" target=\"_blank\" rel=\"noreferrer noopener\">Vasbeton l\u00e9pcs\u0151k terve<\/a><\/p>\n<\/div>\n\n\n\n<div class=\"wp-block-group has-background has-global-padding is-layout-constrained wp-block-group-is-layout-constrained\" style=\"background:linear-gradient(0deg,#B1C5A4 0%,#F9F9F9 100%)\">\n<p>HRSZ: 3733\/8 h\u00e1z dokumentumai:<\/p>\n\n\n\n<p><a href=\"http:\/\/192.168.0.11\/wp-content\/uploads\/2026\/04\/8_Vasbeton-l\u00e9pcs\u0151k-terve.pdf\" target=\"_blank\" rel=\"noreferrer noopener\">Vasbeton l\u00e9pcs\u0151k terve<\/a> <a href=\"http:\/\/192.168.0.11\/wp-content\/uploads\/2026\/04\/8_Al\u00e1\u00edr\u00f3lap-tartalom-\u00e9s-tervjegyz\u00e9k.pdf\" target=\"_blank\" rel=\"noreferrer noopener\">Al\u00e1\u00edr\u00f3lap, tartalom- \u00e9s tervjegyz\u00e9k<\/a><\/p>\n\n\n\n<p><a rel=\"noreferrer noopener\" href=\"http:\/\/192.168.0.11\/wp-content\/uploads\/2026\/04\/8_Alapoz\u00e1s.pdf\" target=\"_blank\">Alapoz\u00e1s<\/a><\/p>\n\n\n\n<p><a rel=\"noreferrer noopener\" href=\"http:\/\/192.168.0.11\/wp-content\/uploads\/2026\/04\/8_Alapoz\u00e1s-r\u00e9szletek.pdf\" target=\"_blank\">Alapoz\u00e1s r\u00e9szletek<\/a><\/p>\n\n\n\n<p><a rel=\"noreferrer noopener\" href=\"http:\/\/192.168.0.11\/wp-content\/uploads\/2026\/04\/8_Cimlap.pdf\" target=\"_blank\">C\u00edmlap<\/a><\/p>\n\n\n\n<p><a rel=\"noreferrer noopener\" href=\"http:\/\/192.168.0.11\/wp-content\/uploads\/2026\/04\/8_Emelet-feletti-f\u00f6d\u00e9m-a-vasal\u00e1s-als\u00f3-r\u00e9teg\u00e9nek-terve.pdf\" target=\"_blank\">Emelet feletti f\u00f6d\u00e9m a vasal\u00e1s als\u00f3 r\u00e9teg\u00e9nek terve<\/a><\/p>\n\n\n\n<p><a rel=\"noreferrer noopener\" href=\"http:\/\/192.168.0.11\/wp-content\/uploads\/2026\/04\/8_Emelet-feletti-f\u00f6d\u00e9m-a-vasal\u00e1s-fels\u0151-r\u00e9teg\u00e9nek-terve.pdf\" target=\"_blank\">Emelet feletti f\u00f6d\u00e9m a vasal\u00e1s fels\u0151 r\u00e9teg\u00e9nek terve<\/a><\/p>\n\n\n\n<p><a rel=\"noreferrer noopener\" href=\"http:\/\/kabakft.hu\/wp-content\/uploads\/2025\/02\/Siofok-8-Emelet-feletti-f\u00f6d\u00e9m-r\u00e9szletek-terve.pdf\" target=\"_blank\">Emelet feletti f\u00f6d\u00e9m r\u00e9szletek terve<\/a><\/p>\n\n\n\n<p><a rel=\"noreferrer noopener\" href=\"http:\/\/192.168.0.11\/wp-content\/uploads\/2026\/04\/8_Emelet-feletti-f\u00f6d\u00e9m-zsaluz\u00e1si-terv.pdf\" target=\"_blank\">Emelet feletti f\u00f6d\u00e9m zsaluz\u00e1si terv<\/a><\/p>\n\n\n\n<p><a rel=\"noreferrer noopener\" href=\"http:\/\/192.168.0.11\/wp-content\/uploads\/2026\/04\/8_Emeleti-vasbeton-szerkezetek.pdf\" target=\"_blank\">Emeleti vasbeton szerkezetek<\/a><\/p>\n\n\n\n<p><a rel=\"noreferrer noopener\" href=\"http:\/\/192.168.0.11\/wp-content\/uploads\/2026\/04\/8_EP3733-8_AB.pdf\" target=\"_blank\">EP3733-8_AB<\/a><\/p>\n\n\n\n<p><a rel=\"noreferrer noopener\" href=\"http:\/\/kabakft.hu\/wp-content\/uploads\/2025\/02\/Siofok-8-\u00c9p\u00edt\u00e9szeti-m\u0171szaki-le\u00edr\u00e1s.pdf\" target=\"_blank\">\u00c9p\u00edt\u00e9szeti m\u0171szaki le\u00edr\u00e1s<\/a><\/p>\n\n\n\n<p><a rel=\"noreferrer noopener\" href=\"http:\/\/192.168.0.11\/wp-content\/uploads\/2026\/04\/8_\u00c9p\u00fcletg\u00e9p\u00e9sz_M\u0171szaki_le\u00edr\u00e1s.pdf\" target=\"_blank\">\u00c9p\u00fcletg\u00e9p\u00e9sz M\u0171szaki le\u00edr\u00e1s<\/a><\/p>\n\n\n\n<p><a rel=\"noreferrer noopener\" href=\"http:\/\/192.168.0.11\/wp-content\/uploads\/2026\/04\/8_F\u00f6ldhivatali-t\u00e9rk\u00e9pm\u00e1solat.pdf\" target=\"_blank\">F\u00f6ldhivatali t\u00e9rk\u00e9pm\u00e1solat<\/a><\/p>\n\n\n\n<p><a rel=\"noreferrer noopener\" href=\"http:\/\/192.168.0.11\/wp-content\/uploads\/2026\/04\/8_F\u00f6ldszint-feletti-f\u00f6d\u00e9m-a-vasal\u00e1s-als\u00f3-r\u00e9teg\u00e9nek-terve.pdf\" target=\"_blank\">F\u00f6ldszint feletti f\u00f6d\u00e9m a vasal\u00e1s als\u00f3 r\u00e9teg\u00e9nek terve<\/a><\/p>\n\n\n\n<p><a rel=\"noreferrer noopener\" href=\"http:\/\/192.168.0.11\/wp-content\/uploads\/2026\/04\/8_F\u00f6ldszint-feletti-f\u00f6d\u00e9m-a-vasal\u00e1s-fels\u0151-r\u00e9teg\u00e9nek-terve.pdf\" target=\"_blank\">F\u00f6ldszint feletti f\u00f6d\u00e9m a vasal\u00e1s fels\u0151 r\u00e9teg\u00e9nek terve<\/a><\/p>\n\n\n\n<p><a rel=\"noreferrer noopener\" href=\"http:\/\/192.168.0.11\/wp-content\/uploads\/2026\/04\/8_F\u00f6ldszint-feletti-f\u00f6d\u00e9m-r\u00e9szletek-terve.pdf\" target=\"_blank\">F\u00f6ldszint feletti f\u00f6d\u00e9m r\u00e9szletek terve<\/a><\/p>\n\n\n\n<p><a rel=\"noreferrer noopener\" href=\"http:\/\/192.168.0.11\/wp-content\/uploads\/2026\/04\/8_F\u00f6ldszint-feletti-f\u00f6d\u00e9m-zsaluz\u00e1si-terv.pdf\" target=\"_blank\">F\u00f6ldszint feletti f\u00f6d\u00e9m zsaluz\u00e1si terv<\/a><\/p>\n\n\n\n<p><a rel=\"noreferrer noopener\" href=\"http:\/\/192.168.0.11\/wp-content\/uploads\/2026\/04\/8_F\u00f6ldszinti-vasbeton-szerkezetek.pdf\" target=\"_blank\">F\u00f6ldszinti vasbeton szerkezetek<\/a><\/p>\n\n\n\n<p><a href=\"http:\/\/192.168.0.11\/wp-content\/uploads\/2026\/04\/8_GEOD\u00c9ZIA.pdf\" target=\"_blank\" rel=\"noreferrer noopener\">Geod\u00e9zia<\/a><\/p>\n\n\n\n<p><a rel=\"noreferrer noopener\" href=\"http:\/\/192.168.0.11\/wp-content\/uploads\/2026\/04\/8_Hirdetm\u00e9nyi-helysz\u00ednrajz.pdf\" target=\"_blank\">Hirdetm\u00e9nyi helysz\u00ednrajz<\/a><\/p>\n\n\n\n<p><a rel=\"noreferrer noopener\" href=\"http:\/\/192.168.0.11\/wp-content\/uploads\/2026\/04\/8_Hirdetm\u00e9nyi-l\u00e1tv\u00e1nyterv.pdf\" target=\"_blank\">Hirdetm\u00e9nyi l\u00e1tv\u00e1nyterv<\/a><\/p>\n\n\n\n<p><a rel=\"noreferrer noopener\" href=\"http:\/\/192.168.0.11\/wp-content\/uploads\/2026\/04\/8_Meghatalmaz\u00e1s.pdf\" target=\"_blank\">Meghatalmaz\u00e1s<\/a><\/p>\n\n\n\n<p><a href=\"http:\/\/192.168.0.11\/wp-content\/uploads\/2026\/04\/8_M\u0171szaki-le\u00edr\u00e1s_engterv_ikerh\u00e1z.pdf\" target=\"_blank\" rel=\"noreferrer noopener\">M\u0171szaki le\u00edr\u00e1s \/ Eng.terv. ikerh\u00e1z<\/a><\/p>\n\n\n\n<p><a rel=\"noreferrer noopener\" href=\"http:\/\/192.168.0.11\/wp-content\/uploads\/2026\/04\/8_Nyilatkozat-nem-saj\u00e1t-lakhat\u00e1si-c\u00e9lb\u00f3l-val\u00f3-\u00e9p\u00edtkez\u00e9sr\u0151l.pdf\" target=\"_blank\">Nyilatkozat nem saj\u00e1t lakhat\u00e1si c\u00e9lb\u00f3l val\u00f3 \u00e9p\u00edtkez\u00e9sr\u0151l<\/a><\/p>\n\n\n\n<p><a rel=\"noreferrer noopener\" href=\"http:\/\/192.168.0.11\/wp-content\/uploads\/2026\/04\/8_Szakmai-konzult\u00e1ci\u00f3.pdf\" target=\"_blank\">Szakmai konzult\u00e1ci\u00f3<\/a><\/p>\n\n\n\n<p><a rel=\"noreferrer noopener\" href=\"http:\/\/192.168.0.11\/wp-content\/uploads\/2026\/04\/8_Tart\u00f3szerkezeti-m\u0171szaki-le\u00edr\u00e1s.pdf\" target=\"_blank\">Tart\u00f3szerkezeti m\u0171szaki le\u00edr\u00e1s<\/a><\/p>\n\n\n\n<p><a rel=\"noreferrer noopener\" href=\"http:\/\/192.168.0.11\/wp-content\/uploads\/2026\/04\/8_Tart\u00f3szerkezeti-sz\u00e1m\u00edt\u00e1si-mell\u00e9klet.pdf\" target=\"_blank\">Tart\u00f3szerkezeti sz\u00e1m\u00edt\u00e1si mell\u00e9klet<\/a><\/p>\n\n\n\n<p><a href=\"http:\/\/192.168.0.11\/wp-content\/uploads\/2026\/04\/8_TERVLAPOK.pdf\" target=\"_blank\" rel=\"noreferrer noopener\">Tervlapok<\/a><\/p>\n<\/div>\n","protected":false},"excerpt":{"rendered":"<p>HRSZ: 3733\/5 h\u00e1z dokumentumai: Al\u00e1\u00edr\u00f3lap, tartalom- \u00e9s tervjegyz\u00e9k Alapoz\u00e1s Alapoz\u00e1s r\u00e9szletek C\u00edmlap Emelet feletti f\u00f6d\u00e9m a vasal\u00e1s als\u00f3 r\u00e9teg\u00e9nek terve Emelet feletti f\u00f6d\u00e9m a vasal\u00e1s fels\u0151 r\u00e9teg\u00e9nek terve Emelet feletti f\u00f6d\u00e9m r\u00e9szletek terve Emelet feletti f\u00f6d\u00e9m zsaluz\u00e1si terv Emeleti vasbeton szerkezetek EP3733-8_AB \u00c9p\u00edt\u00e9szeti m\u0171szaki le\u00edr\u00e1s \u00c9p\u00fcletg\u00e9p\u00e9sz M\u0171szaki le\u00edr\u00e1s F\u00f6ldhivatali t\u00e9rk\u00e9pm\u00e1solat F\u00f6ldszint feletti f\u00f6d\u00e9m a vasal\u00e1s [&hellip;]<\/p>\n","protected":false},"author":1,"featured_media":0,"parent":0,"menu_order":0,"comment_status":"closed","ping_status":"closed","template":"","meta":{"footnotes":""},"class_list":["post-12","page","type-page","status-publish","hentry"],"_links":{"self":[{"href":"https:\/\/hegedus.myds.me\/index.php?rest_route=\/wp\/v2\/pages\/12","targetHints":{"allow":["GET"]}}],"collection":[{"href":"https:\/\/hegedus.myds.me\/index.php?rest_route=\/wp\/v2\/pages"}],"about":[{"href":"https:\/\/hegedus.myds.me\/index.php?rest_route=\/wp\/v2\/types\/page"}],"author":[{"embeddable":true,"href":"https:\/\/hegedus.myds.me\/index.php?rest_route=\/wp\/v2\/users\/1"}],"replies":[{"embeddable":true,"href":"https:\/\/hegedus.myds.me\/index.php?rest_route=%2Fwp%2Fv2%2Fcomments&post=12"}],"version-history":[{"count":2,"href":"https:\/\/hegedus.myds.me\/index.php?rest_route=\/wp\/v2\/pages\/12\/revisions"}],"predecessor-version":[{"id":336,"href":"https:\/\/hegedus.myds.me\/index.php?rest_route=\/wp\/v2\/pages\/12\/revisions\/336"}],"wp:attachment":[{"href":"https:\/\/hegedus.myds.me\/index.php?rest_route=%2Fwp%2Fv2%2Fmedia&parent=12"}],"curies":[{"name":"wp","href":"https:\/\/api.w.org\/{rel}","templated":true}]}}