{"id":206,"date":"2026-04-04T15:11:36","date_gmt":"2026-04-04T15:11:36","guid":{"rendered":"https:\/\/hegedus.myds.me\/?page_id=206"},"modified":"2026-04-04T15:18:31","modified_gmt":"2026-04-04T15:18:31","slug":"6-os-haz-2","status":"publish","type":"page","link":"https:\/\/hegedus.myds.me\/?page_id=206","title":{"rendered":"7-es h\u00e1z"},"content":{"rendered":"\n<p>Szent L\u00e1szl\u00f3 u. 157. \u2013 Hrsz: 3733\/7<\/p>\n\n\n\n<div class=\"wp-block-columns are-vertically-aligned-center is-layout-flex wp-container-core-columns-is-layout-28f84493 wp-block-columns-is-layout-flex\">\n<div class=\"wp-block-column is-vertically-aligned-center is-layout-flow wp-block-column-is-layout-flow\" style=\"flex-basis:100%\"><\/div>\n<\/div>\n\n\n\n<div class=\"wp-block-buttons is-content-justification-center is-layout-flex wp-container-core-buttons-is-layout-a89b3969 wp-block-buttons-is-layout-flex\">\n<div class=\"wp-block-button\"><a class=\"wp-block-button__link wp-element-button\" href=\"https:\/\/hegedus.myds.me\/wp-content\/uploads\/2026\/04\/7_LATVANYTERVEK.pdf\" target=\"_blank\" rel=\"noreferrer noopener\">L\u00e1tv\u00e1nytervek<\/a><\/div>\n<\/div>\n\n\n\n<figure class=\"wp-block-image aligncenter size-large\" id=\"latvanyterv\"><a href=\"https:\/\/hegedus.myds.me\/wp-content\/uploads\/2026\/04\/7_Latvanytervek.jpg\"><img loading=\"lazy\" decoding=\"async\" width=\"1024\" height=\"576\" src=\"http:\/\/hegedus.myds.me\/wp-content\/uploads\/2026\/04\/7_Latvanytervek-1024x576.jpg\" alt=\"\" class=\"wp-image-215\" srcset=\"https:\/\/hegedus.myds.me\/wp-content\/uploads\/2026\/04\/7_Latvanytervek-1024x576.jpg 1024w, https:\/\/hegedus.myds.me\/wp-content\/uploads\/2026\/04\/7_Latvanytervek-300x169.jpg 300w, https:\/\/hegedus.myds.me\/wp-content\/uploads\/2026\/04\/7_Latvanytervek-768x432.jpg 768w, https:\/\/hegedus.myds.me\/wp-content\/uploads\/2026\/04\/7_Latvanytervek-1536x864.jpg 1536w, https:\/\/hegedus.myds.me\/wp-content\/uploads\/2026\/04\/7_Latvanytervek-2048x1152.jpg 2048w\" sizes=\"auto, (max-width: 1024px) 100vw, 1024px\" \/><\/a><\/figure>\n\n\n\n<div class=\"wp-block-buttons is-content-justification-center is-layout-flex wp-container-core-buttons-is-layout-a89b3969 wp-block-buttons-is-layout-flex\">\n<div class=\"wp-block-button\"><a class=\"wp-block-button__link wp-element-button\" href=\"https:\/\/hegedus.myds.me\/wp-content\/uploads\/2026\/04\/7_HELYSZINRAJZ.pdf\" target=\"_blank\" rel=\"noreferrer noopener\">Helysz\u00ednrajz<\/a><\/div>\n<\/div>\n\n\n\n<figure class=\"wp-block-image aligncenter size-large\"><a href=\"https:\/\/hegedus.myds.me\/wp-content\/uploads\/2026\/04\/7_HELYSZINRAJZ.jpg\"><img loading=\"lazy\" decoding=\"async\" width=\"1024\" height=\"719\" src=\"http:\/\/hegedus.myds.me\/wp-content\/uploads\/2026\/04\/7_HELYSZINRAJZ-1024x719.jpg\" alt=\"\" class=\"wp-image-209\" srcset=\"https:\/\/hegedus.myds.me\/wp-content\/uploads\/2026\/04\/7_HELYSZINRAJZ-1024x719.jpg 1024w, https:\/\/hegedus.myds.me\/wp-content\/uploads\/2026\/04\/7_HELYSZINRAJZ-300x211.jpg 300w, https:\/\/hegedus.myds.me\/wp-content\/uploads\/2026\/04\/7_HELYSZINRAJZ-768x539.jpg 768w, https:\/\/hegedus.myds.me\/wp-content\/uploads\/2026\/04\/7_HELYSZINRAJZ-1536x1078.jpg 1536w, https:\/\/hegedus.myds.me\/wp-content\/uploads\/2026\/04\/7_HELYSZINRAJZ.jpg 1721w\" sizes=\"auto, (max-width: 1024px) 100vw, 1024px\" \/><\/a><\/figure>\n\n\n\n<div class=\"wp-block-buttons is-content-justification-center is-layout-flex wp-container-core-buttons-is-layout-a89b3969 wp-block-buttons-is-layout-flex\">\n<div class=\"wp-block-button\"><a class=\"wp-block-button__link wp-element-button\" href=\"https:\/\/hegedus.myds.me\/wp-content\/uploads\/2026\/04\/7_FOLDSZINTI-ALAPRAJZ.pdf\" target=\"_blank\" rel=\"noreferrer noopener\">F\u00f6ldszinti alaprajz<\/a><\/div>\n<\/div>\n\n\n\n<figure class=\"wp-block-image aligncenter size-large\"><a href=\"https:\/\/hegedus.myds.me\/wp-content\/uploads\/2026\/04\/7_FOLDSZINTI-ALAPRAJZ.jpg\"><img loading=\"lazy\" decoding=\"async\" width=\"1024\" height=\"719\" src=\"http:\/\/hegedus.myds.me\/wp-content\/uploads\/2026\/04\/7_FOLDSZINTI-ALAPRAJZ-1024x719.jpg\" alt=\"\" class=\"wp-image-200\" srcset=\"https:\/\/hegedus.myds.me\/wp-content\/uploads\/2026\/04\/7_FOLDSZINTI-ALAPRAJZ-1024x719.jpg 1024w, https:\/\/hegedus.myds.me\/wp-content\/uploads\/2026\/04\/7_FOLDSZINTI-ALAPRAJZ-300x211.jpg 300w, https:\/\/hegedus.myds.me\/wp-content\/uploads\/2026\/04\/7_FOLDSZINTI-ALAPRAJZ-768x539.jpg 768w, https:\/\/hegedus.myds.me\/wp-content\/uploads\/2026\/04\/7_FOLDSZINTI-ALAPRAJZ-1536x1078.jpg 1536w, https:\/\/hegedus.myds.me\/wp-content\/uploads\/2026\/04\/7_FOLDSZINTI-ALAPRAJZ.jpg 1721w\" sizes=\"auto, (max-width: 1024px) 100vw, 1024px\" \/><\/a><\/figure>\n\n\n\n<div class=\"wp-block-buttons is-content-justification-center is-layout-flex wp-container-core-buttons-is-layout-a89b3969 wp-block-buttons-is-layout-flex\">\n<div class=\"wp-block-button\"><a class=\"wp-block-button__link wp-element-button\" href=\"https:\/\/hegedus.myds.me\/wp-content\/uploads\/2026\/04\/7_Emeleti-ALAPRAJZ.pdf\" target=\"_blank\" rel=\"noreferrer noopener\">Emeleti alaprajz<\/a><\/div>\n<\/div>\n\n\n\n<figure class=\"wp-block-image aligncenter size-large\"><a href=\"https:\/\/hegedus.myds.me\/wp-content\/uploads\/2026\/04\/Siofok-5-I.-SZINTI-ALAPRAJZ.jpg\"><img loading=\"lazy\" decoding=\"async\" width=\"1024\" height=\"719\" src=\"http:\/\/192.168.0.11\/wp-content\/uploads\/2026\/04\/Siofok-5-I.-SZINTI-ALAPRAJZ-1024x719.jpg\" alt=\"\" class=\"wp-image-88\" srcset=\"https:\/\/hegedus.myds.me\/wp-content\/uploads\/2026\/04\/Siofok-5-I.-SZINTI-ALAPRAJZ-1024x719.jpg 1024w, https:\/\/hegedus.myds.me\/wp-content\/uploads\/2026\/04\/Siofok-5-I.-SZINTI-ALAPRAJZ-300x211.jpg 300w, https:\/\/hegedus.myds.me\/wp-content\/uploads\/2026\/04\/Siofok-5-I.-SZINTI-ALAPRAJZ-768x539.jpg 768w, https:\/\/hegedus.myds.me\/wp-content\/uploads\/2026\/04\/Siofok-5-I.-SZINTI-ALAPRAJZ-1536x1078.jpg 1536w, https:\/\/hegedus.myds.me\/wp-content\/uploads\/2026\/04\/Siofok-5-I.-SZINTI-ALAPRAJZ.jpg 1721w\" sizes=\"auto, (max-width: 1024px) 100vw, 1024px\" \/><\/a><\/figure>\n\n\n\n<div class=\"wp-block-buttons is-content-justification-center is-layout-flex wp-container-core-buttons-is-layout-a89b3969 wp-block-buttons-is-layout-flex\">\n<div class=\"wp-block-button\"><a class=\"wp-block-button__link wp-element-button\" href=\"https:\/\/hegedus.myds.me\/wp-content\/uploads\/2026\/04\/7_H1-es-H2-HOMLOKZATOK.pdf\" target=\"_blank\" rel=\"noreferrer noopener\">H1 \u00e9s H2 homlokzatok<\/a><\/div>\n<\/div>\n\n\n\n<figure class=\"wp-block-image aligncenter size-large\"><a href=\"https:\/\/hegedus.myds.me\/wp-content\/uploads\/2026\/04\/7_H1-es-H2-HOMLOKZATOK.jpg\"><img loading=\"lazy\" decoding=\"async\" width=\"1024\" height=\"719\" src=\"http:\/\/hegedus.myds.me\/wp-content\/uploads\/2026\/04\/7_H1-es-H2-HOMLOKZATOK-1024x719.jpg\" alt=\"\" class=\"wp-image-204\" srcset=\"https:\/\/hegedus.myds.me\/wp-content\/uploads\/2026\/04\/7_H1-es-H2-HOMLOKZATOK-1024x719.jpg 1024w, https:\/\/hegedus.myds.me\/wp-content\/uploads\/2026\/04\/7_H1-es-H2-HOMLOKZATOK-300x211.jpg 300w, https:\/\/hegedus.myds.me\/wp-content\/uploads\/2026\/04\/7_H1-es-H2-HOMLOKZATOK-768x539.jpg 768w, https:\/\/hegedus.myds.me\/wp-content\/uploads\/2026\/04\/7_H1-es-H2-HOMLOKZATOK-1536x1078.jpg 1536w, https:\/\/hegedus.myds.me\/wp-content\/uploads\/2026\/04\/7_H1-es-H2-HOMLOKZATOK.jpg 1721w\" sizes=\"auto, (max-width: 1024px) 100vw, 1024px\" \/><\/a><\/figure>\n\n\n\n<div class=\"wp-block-buttons is-content-justification-center is-layout-flex wp-container-core-buttons-is-layout-a89b3969 wp-block-buttons-is-layout-flex\">\n<div class=\"wp-block-button\"><a class=\"wp-block-button__link wp-element-button\" href=\"https:\/\/hegedus.myds.me\/wp-content\/uploads\/2026\/04\/7_H3-es-H4-HOMLOKZATOK.pdf\" target=\"_blank\" rel=\"noreferrer noopener\">H3 \u00e9s H4 homlokzatok<\/a><\/div>\n<\/div>\n\n\n\n<figure class=\"wp-block-image aligncenter size-large\"><a href=\"https:\/\/hegedus.myds.me\/wp-content\/uploads\/2026\/04\/7_H3-es-H4-HOMLOKZATOK.jpg\"><img loading=\"lazy\" decoding=\"async\" width=\"1024\" height=\"719\" src=\"http:\/\/hegedus.myds.me\/wp-content\/uploads\/2026\/04\/7_H3-es-H4-HOMLOKZATOK-1024x719.jpg\" alt=\"\" class=\"wp-image-207\" srcset=\"https:\/\/hegedus.myds.me\/wp-content\/uploads\/2026\/04\/7_H3-es-H4-HOMLOKZATOK-1024x719.jpg 1024w, https:\/\/hegedus.myds.me\/wp-content\/uploads\/2026\/04\/7_H3-es-H4-HOMLOKZATOK-300x211.jpg 300w, https:\/\/hegedus.myds.me\/wp-content\/uploads\/2026\/04\/7_H3-es-H4-HOMLOKZATOK-768x539.jpg 768w, https:\/\/hegedus.myds.me\/wp-content\/uploads\/2026\/04\/7_H3-es-H4-HOMLOKZATOK-1536x1078.jpg 1536w, https:\/\/hegedus.myds.me\/wp-content\/uploads\/2026\/04\/7_H3-es-H4-HOMLOKZATOK.jpg 1721w\" sizes=\"auto, (max-width: 1024px) 100vw, 1024px\" \/><\/a><\/figure>\n\n\n\n<div class=\"wp-block-buttons is-content-justification-center is-layout-flex wp-container-core-buttons-is-layout-a89b3969 wp-block-buttons-is-layout-flex\">\n<div class=\"wp-block-button\"><a class=\"wp-block-button__link wp-element-button\" href=\"https:\/\/hegedus.myds.me\/wp-content\/uploads\/2026\/04\/7_M1-es-M2-METSZETEK.pdf\" target=\"_blank\" rel=\"noreferrer noopener\">M1 \u00e9s M2 metszetek<\/a><\/div>\n<\/div>\n\n\n\n<figure class=\"wp-block-image aligncenter size-large\"><a href=\"https:\/\/hegedus.myds.me\/wp-content\/uploads\/2026\/04\/7_M1-es-M2-METSZETEK.jpg\"><img loading=\"lazy\" decoding=\"async\" width=\"1024\" height=\"719\" src=\"http:\/\/hegedus.myds.me\/wp-content\/uploads\/2026\/04\/7_M1-es-M2-METSZETEK-1024x719.jpg\" alt=\"\" class=\"wp-image-217\" srcset=\"https:\/\/hegedus.myds.me\/wp-content\/uploads\/2026\/04\/7_M1-es-M2-METSZETEK-1024x719.jpg 1024w, https:\/\/hegedus.myds.me\/wp-content\/uploads\/2026\/04\/7_M1-es-M2-METSZETEK-300x211.jpg 300w, https:\/\/hegedus.myds.me\/wp-content\/uploads\/2026\/04\/7_M1-es-M2-METSZETEK-768x539.jpg 768w, https:\/\/hegedus.myds.me\/wp-content\/uploads\/2026\/04\/7_M1-es-M2-METSZETEK-1536x1078.jpg 1536w, https:\/\/hegedus.myds.me\/wp-content\/uploads\/2026\/04\/7_M1-es-M2-METSZETEK.jpg 1721w\" sizes=\"auto, (max-width: 1024px) 100vw, 1024px\" \/><\/a><\/figure>\n\n\n\n<p>Egy\u00e9b dokumentumok:<\/p>\n\n\n\n<ul class=\"wp-block-list\">\n<li><a href=\"https:\/\/hegedus.myds.me\/wp-content\/uploads\/2026\/04\/7_alairolap-tartalom-es-tervjegyzek_alairt.pdf\" data-type=\"attachment\" data-id=\"157\" target=\"_blank\" rel=\"noreferrer noopener\">Al\u00e1\u00edr\u00f3lap, tartalom- \u00e9s tervjegyz\u00e9k<\/a><\/li>\n\n\n\n<li><a href=\"https:\/\/hegedus.myds.me\/wp-content\/uploads\/2026\/04\/7_Alapozas.pdf\" data-type=\"attachment\" data-id=\"159\" target=\"_blank\" rel=\"noreferrer noopener\">Alapoz\u00e1s<\/a><\/li>\n\n\n\n<li><a href=\"https:\/\/hegedus.myds.me\/wp-content\/uploads\/2026\/04\/7_Alapozas-reszletek.pdf\" data-type=\"attachment\" data-id=\"158\" target=\"_blank\" rel=\"noreferrer noopener\">Alapoz\u00e1s r\u00e9szletek<\/a><\/li>\n\n\n\n<li><a href=\"https:\/\/hegedus.myds.me\/wp-content\/uploads\/2026\/04\/7_cimlap.pdf\" data-type=\"attachment\" data-id=\"160\" target=\"_blank\" rel=\"noreferrer noopener\">C\u00edmlap<\/a><\/li>\n\n\n\n<li><a href=\"https:\/\/hegedus.myds.me\/wp-content\/uploads\/2026\/04\/7_Emelet-feletti-fodem-a-vasalas-also-retegenek-terve.pdf\" data-type=\"attachment\" data-id=\"161\" target=\"_blank\" rel=\"noreferrer noopener\">Emelet feletti f\u00f6d\u00e9m a vasal\u00e1s als\u00f3 r\u00e9teg\u00e9nek terve<\/a><\/li>\n\n\n\n<li><a href=\"https:\/\/hegedus.myds.me\/wp-content\/uploads\/2026\/04\/7_Emelet-feletti-fodem-a-vasalas-felso-retegenek-terve.pdf\" data-type=\"attachment\" data-id=\"162\" target=\"_blank\" rel=\"noreferrer noopener\">Emelet feletti f\u00f6d\u00e9m a vasal\u00e1s fels\u0151 r\u00e9teg\u00e9nek terve<\/a><\/li>\n\n\n\n<li><a href=\"https:\/\/hegedus.myds.me\/wp-content\/uploads\/2026\/04\/7_Emelet-feletti-fodem-reszletek-terve.pdf\" data-type=\"attachment\" data-id=\"163\" target=\"_blank\" rel=\"noreferrer noopener\">Emelet feletti f\u00f6d\u00e9m r\u00e9szletek terve<\/a><\/li>\n\n\n\n<li><a href=\"https:\/\/hegedus.myds.me\/wp-content\/uploads\/2026\/04\/7_Emelet-feletti-fodem-zsaluzasi-terv.pdf\" data-type=\"attachment\" data-id=\"164\" target=\"_blank\" rel=\"noreferrer noopener\">Emelet feletti f\u00f6d\u00e9m zsaluz\u00e1si terv<\/a><\/li>\n\n\n\n<li><a href=\"https:\/\/hegedus.myds.me\/wp-content\/uploads\/2026\/04\/7_Emeleti-vasbeton-szerkezetek.pdf\" data-type=\"attachment\" data-id=\"166\" target=\"_blank\" rel=\"noreferrer noopener\">Emeleti vasbeton szerkezetek<\/a><\/li>\n\n\n\n<li><a href=\"https:\/\/hegedus.myds.me\/wp-content\/uploads\/2026\/04\/7_EP3733-7_AB.pdf\" data-type=\"attachment\" data-id=\"168\" target=\"_blank\" rel=\"noreferrer noopener\">EP3733-7_AB<\/a><\/li>\n\n\n\n<li><a href=\"https:\/\/hegedus.myds.me\/wp-content\/uploads\/2026\/04\/7_epiteszeti-muszaki-leiras.pdf\" data-type=\"attachment\" data-id=\"169\" target=\"_blank\" rel=\"noreferrer noopener\">\u00c9p\u00edt\u00e9szeti m\u0171szaki le\u00edr\u00e1s<\/a><\/li>\n\n\n\n<li><a href=\"https:\/\/hegedus.myds.me\/wp-content\/uploads\/2026\/04\/7_Epuletgepesz_Muszaki_leiras_Siofok_Beszedes_Jozsef_setany_3733_7_Hrsz_MOD.pdf\" data-type=\"attachment\" data-id=\"170\" target=\"_blank\" rel=\"noreferrer noopener\">\u00c9p\u00fcletg\u00e9p\u00e9sz M\u0171szaki le\u00edr\u00e1s<\/a><\/li>\n\n\n\n<li><a href=\"https:\/\/hegedus.myds.me\/wp-content\/uploads\/2026\/04\/7_foldhivatali-terkepmasolat.pdf\" data-type=\"attachment\" data-id=\"171\" target=\"_blank\" rel=\"noreferrer noopener\">F\u00f6ldhivatali t\u00e9rk\u00e9pm\u00e1solat<\/a><\/li>\n\n\n\n<li><a href=\"https:\/\/hegedus.myds.me\/wp-content\/uploads\/2026\/04\/7_Foldszint-feletti-fodem-a-vasalas-also-retegenek-terve.pdf\" data-type=\"attachment\" data-id=\"172\" target=\"_blank\" rel=\"noreferrer noopener\">F\u00f6ldszint feletti f\u00f6d\u00e9m a vasal\u00e1s als\u00f3 r\u00e9teg\u00e9nek terve<\/a><\/li>\n\n\n\n<li><a href=\"https:\/\/hegedus.myds.me\/wp-content\/uploads\/2026\/04\/7_Foldszint-feletti-fodem-a-vasalas-also-retegenek-terve.pdf\" data-type=\"attachment\" data-id=\"172\" target=\"_blank\" rel=\"noreferrer noopener\">F\u00f6ldszint feletti f\u00f6d\u00e9m a vasal\u00e1s fels\u0151 r\u00e9teg\u00e9nek terve<\/a><\/li>\n\n\n\n<li><a href=\"https:\/\/hegedus.myds.me\/wp-content\/uploads\/2026\/04\/7_Foldszint-feletti-fodem-reszletek-terve.pdf\" data-type=\"attachment\" data-id=\"174\" target=\"_blank\" rel=\"noreferrer noopener\">F\u00f6ldszint feletti f\u00f6d\u00e9m r\u00e9szletek terve<\/a><\/li>\n\n\n\n<li><a href=\"https:\/\/hegedus.myds.me\/wp-content\/uploads\/2026\/04\/7_Foldszint-feletti-fodem-zsaluzasi-terv.pdf\" data-type=\"attachment\" data-id=\"175\" target=\"_blank\" rel=\"noreferrer noopener\">F\u00f6ldszint feletti f\u00f6d\u00e9m zsaluz\u00e1si terv<\/a><\/li>\n\n\n\n<li><a href=\"https:\/\/hegedus.myds.me\/wp-content\/uploads\/2026\/04\/7_Foldszinti-vasbeton-szerkezetek.pdf\" data-type=\"attachment\" data-id=\"134\" target=\"_blank\" rel=\"noreferrer noopener\">F\u00f6ldszinti vasbeton szerkezetek<\/a><\/li>\n\n\n\n<li><a href=\"https:\/\/hegedus.myds.me\/wp-content\/uploads\/2026\/04\/7_GEODEZIA.pdf\" data-type=\"attachment\" data-id=\"135\" target=\"_blank\" rel=\"noreferrer noopener\">Geod\u00e9zia<\/a><\/li>\n\n\n\n<li><a href=\"https:\/\/hegedus.myds.me\/wp-content\/uploads\/2026\/04\/7_hirdetmenyi-helyszinrajz.pdf\" data-type=\"attachment\" data-id=\"142\" target=\"_blank\" rel=\"noreferrer noopener\">Hirdetm\u00e9nyi helysz\u00ednrajz<\/a><\/li>\n\n\n\n<li><a href=\"https:\/\/hegedus.myds.me\/wp-content\/uploads\/2026\/04\/7_hirdetmenyi-latvanyterv.pdf\" data-type=\"attachment\" data-id=\"143\" target=\"_blank\" rel=\"noreferrer noopener\">Hirdetm\u00e9nyi l\u00e1tv\u00e1nyterv<\/a><\/li>\n\n\n\n<li><a href=\"https:\/\/hegedus.myds.me\/wp-content\/uploads\/2026\/04\/7_meghatalmazas_alairt.pdf\" data-type=\"attachment\" data-id=\"148\" target=\"_blank\" rel=\"noreferrer noopener\">Meghatalmaz\u00e1s<\/a><\/li>\n\n\n\n<li><a href=\"https:\/\/hegedus.myds.me\/wp-content\/uploads\/2026\/04\/7_Muszaki-leiras_engterv_ikerhaz_8600-Siofok-Beszedes-Jozsf-setany-hrsz-3733_06.pdf\" data-type=\"attachment\" data-id=\"149\" target=\"_blank\" rel=\"noreferrer noopener\">M\u0171szaki le\u00edr\u00e1s \/ Engterv. ikerh\u00e1z<\/a><\/li>\n\n\n\n<li><a href=\"https:\/\/hegedus.myds.me\/wp-content\/uploads\/2026\/04\/7_nyilatkozat-nem-sajat-lakhatasi-celbol-valo-epitkezesrol_alairt.pdf\" data-type=\"attachment\" data-id=\"150\" target=\"_blank\" rel=\"noreferrer noopener\">Nyilatkozat nem saj\u00e1t lakhat\u00e1si c\u00e9lb\u00f3l val\u00f3 \u00e9p\u00edtkez\u00e9sr\u0151l<\/a><\/li>\n\n\n\n<li><a href=\"https:\/\/hegedus.myds.me\/wp-content\/uploads\/2026\/04\/7_szakmai-konzultacio_06.pdf\" data-type=\"attachment\" data-id=\"151\" target=\"_blank\" rel=\"noreferrer noopener\">Szakmai konzult\u00e1ci\u00f3<\/a><\/li>\n\n\n\n<li><a href=\"https:\/\/hegedus.myds.me\/wp-content\/uploads\/2026\/04\/7_Tartoszerkezeti-muszaki-leiras_20240119.pdf\" data-type=\"attachment\" data-id=\"152\" target=\"_blank\" rel=\"noreferrer noopener\">Tart\u00f3szerkezeti m\u0171szaki le\u00edr\u00e1s<\/a><\/li>\n\n\n\n<li><a href=\"https:\/\/hegedus.myds.me\/wp-content\/uploads\/2026\/04\/7_Tartoszerkezeti-szamitasi-mellekletA.pdf\" data-type=\"attachment\" data-id=\"153\" target=\"_blank\" rel=\"noreferrer noopener\">Tart\u00f3szerkezeti sz\u00e1m\u00edt\u00e1si mell\u00e9klet<\/a><\/li>\n\n\n\n<li><a href=\"https:\/\/hegedus.myds.me\/wp-content\/uploads\/2026\/04\/7_TERVLAPOK.pdf\" data-type=\"attachment\" data-id=\"154\" target=\"_blank\" rel=\"noreferrer noopener\">Tervlapok<\/a><\/li>\n\n\n\n<li><a href=\"https:\/\/hegedus.myds.me\/wp-content\/uploads\/2026\/04\/7_Vasbeton-lepcsok-terve.pdf\" data-type=\"attachment\" data-id=\"155\" target=\"_blank\" rel=\"noreferrer noopener\">Vasbeton l\u00e9pcs\u0151k terve<\/a><\/li>\n<\/ul>\n","protected":false},"excerpt":{"rendered":"<p>Szent L\u00e1szl\u00f3 u. 157. \u2013 Hrsz: 3733\/7 Egy\u00e9b dokumentumok:<\/p>\n","protected":false},"author":1,"featured_media":0,"parent":11,"menu_order":0,"comment_status":"closed","ping_status":"closed","template":"","meta":{"footnotes":""},"class_list":["post-206","page","type-page","status-publish","hentry"],"_links":{"self":[{"href":"https:\/\/hegedus.myds.me\/index.php?rest_route=\/wp\/v2\/pages\/206","targetHints":{"allow":["GET"]}}],"collection":[{"href":"https:\/\/hegedus.myds.me\/index.php?rest_route=\/wp\/v2\/pages"}],"about":[{"href":"https:\/\/hegedus.myds.me\/index.php?rest_route=\/wp\/v2\/types\/page"}],"author":[{"embeddable":true,"href":"https:\/\/hegedus.myds.me\/index.php?rest_route=\/wp\/v2\/users\/1"}],"replies":[{"embeddable":true,"href":"https:\/\/hegedus.myds.me\/index.php?rest_route=%2Fwp%2Fv2%2Fcomments&post=206"}],"version-history":[{"count":6,"href":"https:\/\/hegedus.myds.me\/index.php?rest_route=\/wp\/v2\/pages\/206\/revisions"}],"predecessor-version":[{"id":235,"href":"https:\/\/hegedus.myds.me\/index.php?rest_route=\/wp\/v2\/pages\/206\/revisions\/235"}],"up":[{"embeddable":true,"href":"https:\/\/hegedus.myds.me\/index.php?rest_route=\/wp\/v2\/pages\/11"}],"wp:attachment":[{"href":"https:\/\/hegedus.myds.me\/index.php?rest_route=%2Fwp%2Fv2%2Fmedia&parent=206"}],"curies":[{"name":"wp","href":"https:\/\/api.w.org\/{rel}","templated":true}]}}