{"id":9,"date":"2026-03-20T19:41:57","date_gmt":"2026-03-20T19:41:57","guid":{"rendered":"http:\/\/192.168.0.11\/wordpress\/?page_id=2"},"modified":"2026-04-05T10:26:29","modified_gmt":"2026-04-05T10:26:29","slug":"sample-page-2","status":"publish","type":"page","link":"https:\/\/hegedus.myds.me\/","title":{"rendered":"\u00dcdv\u00f6z\u00f6lj\u00fck honlapunkon!"},"content":{"rendered":"\n<p>C\u00e9g\u00fcnk 2005 \u00f3ta csal\u00e1di v\u00e1llalkoz\u00e1sk\u00e9nt m\u0171k\u00f6dik sikeresen az \u00e9p\u00edt\u0151ipari piacon. Munk\u00e1inkat j\u00f3 min\u0151s\u00e9gben, ig\u00e9nyesen \u00e9s szigor\u00fa m\u0171szaki szempontok szerint, sz\u00ednvonalasan val\u00f3s\u00edtottunk meg, ezzel letett\u00fck n\u00e9vjegy\u00fcnket, meghat\u00e1roztunk poz\u00edci\u00f3nkat az \u00e9p\u00edt\u0151iparon bel\u00fcl. Eddig Dunakeszin \u00e9p\u00edtett\u00fcnk t\u00e1rsash\u00e1zakat, ikerh\u00e1zakat, de 2015 \u00f3ta m\u00e1r Zam\u00e1rdiban is \u00e9p\u00edtkez\u00fcnk. \u00c9rt\u00e9krend\u00fcnkben kiemelt helyen \u00e1ll a min\u0151s\u00e9gi munka, a hat\u00e1rid\u0151k betart\u00e1sa, a hat\u00e9kony, korrekt, rugalmas munkav\u00e9gz\u00e9s. Vev\u0151inkkel j\u00f3 kapcsolatot \u00e1polunk.<\/p>\n\n\n\n<p><strong>A Carter Home Kft. megalakul\u00e1sa \u00f3ta dinamikusan fejl\u0151dik \u00e9s nyeres\u00e9gesen m\u0171k\u00f6dik, a NAV k\u00f6ztartoz\u00e1smentes adatb\u00e1zis\u00e1ban is szerepel\u00fcnk. Eddigi tev\u00e9kenys\u00e9g\u00fcnk eredm\u00e9nyess\u00e9g\u00e9t megrendel\u0151ink megel\u00e9gedetts\u00e9ge \u00e9s a referenci\u00e1ink bizony\u00edtj\u00e1k.<\/strong><\/p>\n\n\n\n<p class=\"has-text-align-center\"><strong>Carter Home Kft. \u2013 Megb\u00edzhat\u00f3 csal\u00e1di v\u00e1llalkoz\u00e1s<\/strong><br>+36 70 365 1600<br>+36 70 365 1601<\/p>\n\n\n\n<p><\/p>\n","protected":false},"excerpt":{"rendered":"<p>C\u00e9g\u00fcnk 2005 \u00f3ta csal\u00e1di v\u00e1llalkoz\u00e1sk\u00e9nt m\u0171k\u00f6dik sikeresen az \u00e9p\u00edt\u0151ipari piacon. Munk\u00e1inkat j\u00f3 min\u0151s\u00e9gben, ig\u00e9nyesen \u00e9s szigor\u00fa m\u0171szaki szempontok szerint, sz\u00ednvonalasan val\u00f3s\u00edtottunk meg, ezzel letett\u00fck n\u00e9vjegy\u00fcnket, meghat\u00e1roztunk poz\u00edci\u00f3nkat az \u00e9p\u00edt\u0151iparon bel\u00fcl. Eddig Dunakeszin \u00e9p\u00edtett\u00fcnk t\u00e1rsash\u00e1zakat, ikerh\u00e1zakat, de 2015 \u00f3ta m\u00e1r Zam\u00e1rdiban is \u00e9p\u00edtkez\u00fcnk. \u00c9rt\u00e9krend\u00fcnkben kiemelt helyen \u00e1ll a min\u0151s\u00e9gi munka, a hat\u00e1rid\u0151k betart\u00e1sa, a hat\u00e9kony, korrekt, [&hellip;]<\/p>\n","protected":false},"author":1,"featured_media":92,"parent":0,"menu_order":0,"comment_status":"closed","ping_status":"closed","template":"page-wide","meta":{"footnotes":""},"class_list":["post-9","page","type-page","status-publish","has-post-thumbnail","hentry"],"_links":{"self":[{"href":"https:\/\/hegedus.myds.me\/index.php?rest_route=\/wp\/v2\/pages\/9","targetHints":{"allow":["GET"]}}],"collection":[{"href":"https:\/\/hegedus.myds.me\/index.php?rest_route=\/wp\/v2\/pages"}],"about":[{"href":"https:\/\/hegedus.myds.me\/index.php?rest_route=\/wp\/v2\/types\/page"}],"author":[{"embeddable":true,"href":"https:\/\/hegedus.myds.me\/index.php?rest_route=\/wp\/v2\/users\/1"}],"replies":[{"embeddable":true,"href":"https:\/\/hegedus.myds.me\/index.php?rest_route=%2Fwp%2Fv2%2Fcomments&post=9"}],"version-history":[{"count":4,"href":"https:\/\/hegedus.myds.me\/index.php?rest_route=\/wp\/v2\/pages\/9\/revisions"}],"predecessor-version":[{"id":355,"href":"https:\/\/hegedus.myds.me\/index.php?rest_route=\/wp\/v2\/pages\/9\/revisions\/355"}],"wp:featuredmedia":[{"embeddable":true,"href":"https:\/\/hegedus.myds.me\/index.php?rest_route=\/wp\/v2\/media\/92"}],"wp:attachment":[{"href":"https:\/\/hegedus.myds.me\/index.php?rest_route=%2Fwp%2Fv2%2Fmedia&parent=9"}],"curies":[{"name":"wp","href":"https:\/\/api.w.org\/{rel}","templated":true}]}}